{"id":324,"date":"2022-05-15T14:37:07","date_gmt":"2022-05-15T14:37:07","guid":{"rendered":"https:\/\/www.elsembrador.com.co\/registro\/?page_id=324"},"modified":"2022-05-15T14:38:48","modified_gmt":"2022-05-15T14:38:48","slug":"finalizacion","status":"publish","type":"page","link":"https:\/\/www.elsembrador.com.co\/registro\/","title":{"rendered":"Finalizaci\u00f3n"},"content":{"rendered":"<p>[vc_section][vc_row][vc_column css=\u00bb.vc_custom_1649796975175{padding-top: 50px !important;}\u00bb][vc_single_image image=\u00bb28&#8243; img_size=\u00bb200&#215;87&#8243;][\/vc_column][\/vc_row][\/vc_section][vc_row bg_position=\u00bbright bottom\u00bb css=\u00bb.vc_custom_1649796879592{padding-top: 0px !important;padding-bottom: 180px !important;background-position: 0 0 !important;background-repeat: no-repeat !important;}\u00bb responsive_css=\u00bbpadding_top_small:0px\u00bb][vc_column enable_column_shadowbox=\u00bbyes\u00bb css=\u00bb.vc_custom_1649796887706{margin-top: 0px !important;background-color: #ffffff !important;}\u00bb column_box_shadow=\u00bb%5B%7B%22x_offset%22%3A%220%22%2C%22y_offset%22%3A%2255px%22%2C%22blur_radius%22%3A%2270px%22%2C%22shadow_color%22%3A%22rgba(0%2C%200%2C%200%2C%200.075)%22%7D%5D\u00bb][vc_row_inner equal_height=\u00bbyes\u00bb content_placement=\u00bbmiddle\u00bb css=\u00bb.vc_custom_1649796960546{padding-top: 30px !important;}\u00bb][vc_column_inner][\/vc_column_inner][vc_column_inner offset=\u00bbvc_col-md-offset-2 vc_col-md-8&#8243; css=\u00bb.vc_custom_1648095194354{padding-top: 40px !important;padding-right: 30px !important;padding-bottom: 40px !important;padding-left: 30px !important;}\u00bb responsive_css=\u00bbpadding_right_medium:45px|padding_left_medium:15px\u00bb]<style>.ld_fancy_heading_6a077acd96066 .lqd-highlight-inner{height:0.275em;bottom:0px;}<\/style><div class=\"ld-fancy-heading ld_fancy_heading_6a077acd96066\">\n\t<h3 class=\"lqd-highlight-underline lqd-highlight-grow-left\" ><span class=\"ld-fh-txt\"> Nuestras inscripciones para esta cohorte ya han finalizado. Te esperamos en nuestra proxima convocatoria<\/span><\/h3><\/div><style>.ld_spacer_6a077acd9614b{height:40px;}<\/style>\n<div class=\"ld-empty-space ld_spacer_6a077acd9614b\"><span class=\"liquid_empty_space_inner\"><\/span><\/div><style>.ld_cf7_6a077acd961a7 input,.ld_cf7_6a077acd961a7 textarea,.ld_cf7_6a077acd961a7 .ui-selectmenu-button{font-size:14px;}.ld_cf7_6a077acd961a7 input[type=\"submit\"], .ld_cf7_6a077acd961a7 button[type=\"submit\"]{font-size:16px;font-weight:600;letter-spacing:0.1em;background:-webkit-linear-gradient(90deg, rgb(245, 99, 75) 0%, #fe9418 100%);background:linear-gradient(90deg, rgb(245, 99, 75) 0%, #fe9418 100%);}.ld_cf7_6a077acd961a7 input:focus, .ld_cf7_6a077acd961a7 select:focus, .ld_cf7_6a077acd961a7 textarea:focus, .ld_cf7_6a077acd961a7 .ui-selectmenu-button:hover{color:rgb(24, 26, 35);}.ld_cf7_6a077acd961a7 input[type=\"submit\"]:focus,.ld_cf7_6a077acd961a7 input[type=\"submit\"]:hover, .ld_cf7_6a077acd961a7 button[type=\"submit\"]:focus, .ld_cf7_6a077acd961a7 button[type=\"submit\"]:hover{background:-webkit-linear-gradient(90deg, rgb(254, 148, 24) 0%, rgb(254, 148, 24) 100%);background:linear-gradient(90deg, rgb(254, 148, 24) 0%, rgb(254, 148, 24) 100%);}<\/style><div id=\"ld_cf7_6a077acd961a7\" class=\"lqd-contact-form lqd-contact-form-inputs-sm ld_cf7_6a077acd961a7\">\n\t<div role=\"form\" class=\"wpcf7\" id=\"wpcf7-f325-o1\" lang=\"es-ES\" dir=\"ltr\">\n<div class=\"screen-reader-response\"><p role=\"status\" aria-live=\"polite\" aria-atomic=\"true\"><\/p> <ul><\/ul><\/div>\n<form action=\"\/registro\/wp-json\/wp\/v2\/pages\/324#wpcf7-f325-o1\" method=\"post\" class=\"wpcf7-form init\" novalidate=\"novalidate\" data-status=\"init\">\n<div style=\"display: none;\">\n<input type=\"hidden\" name=\"_wpcf7\" value=\"325\" \/>\n<input type=\"hidden\" name=\"_wpcf7_version\" value=\"5.5.6\" \/>\n<input type=\"hidden\" name=\"_wpcf7_locale\" value=\"es_ES\" \/>\n<input type=\"hidden\" name=\"_wpcf7_unit_tag\" value=\"wpcf7-f325-o1\" \/>\n<input type=\"hidden\" name=\"_wpcf7_container_post\" value=\"0\" \/>\n<input type=\"hidden\" name=\"_wpcf7_posted_data_hash\" value=\"\" \/>\n<input type=\"hidden\" name=\"_wpcf7cf_hidden_group_fields\" value=\"[]\" \/>\n<input type=\"hidden\" name=\"_wpcf7cf_hidden_groups\" value=\"[]\" \/>\n<input type=\"hidden\" name=\"_wpcf7cf_visible_groups\" value=\"[]\" \/>\n<input type=\"hidden\" name=\"_wpcf7cf_repeaters\" value=\"[]\" \/>\n<input type=\"hidden\" name=\"_wpcf7cf_steps\" value=\"{}\" \/>\n<input type=\"hidden\" name=\"_wpcf7cf_options\" value=\"{&quot;form_id&quot;:325,&quot;conditions&quot;:[{&quot;then_field&quot;:&quot;group-otra-vicaria&quot;,&quot;and_rules&quot;:[{&quot;if_field&quot;:&quot;l_vicaria_procedencia&quot;,&quot;operator&quot;:&quot;equals&quot;,&quot;if_value&quot;:&quot;Otro&quot;}]},{&quot;then_field&quot;:&quot;group-otra-diocesis&quot;,&quot;and_rules&quot;:[{&quot;if_field&quot;:&quot;l_diocesis_de_procedencia&quot;,&quot;operator&quot;:&quot;equals&quot;,&quot;if_value&quot;:&quot;Otra&quot;}]}],&quot;settings&quot;:{&quot;animation&quot;:&quot;yes&quot;,&quot;animation_intime&quot;:200,&quot;animation_outtime&quot;:200,&quot;conditions_ui&quot;:&quot;normal&quot;,&quot;notice_dismissed&quot;:false}}\" \/>\n<\/div>\n<label>Nombres <span class=\"wpcf7-form-control-wrap l_nombres\"><input type=\"text\" name=\"l_nombres\" value=\"\" size=\"40\" class=\"wpcf7-form-control wpcf7-text wpcf7-validates-as-required\" aria-required=\"true\" aria-invalid=\"false\" \/><\/span> <\/label>\n<label>Apellidos <span class=\"wpcf7-form-control-wrap l_apellidos\"><input type=\"text\" name=\"l_apellidos\" value=\"\" size=\"40\" class=\"wpcf7-form-control wpcf7-text wpcf7-validates-as-required\" aria-required=\"true\" aria-invalid=\"false\" \/><\/span> <\/label>\n<label>Correo electr\u00f3nico <span class=\"wpcf7-form-control-wrap l_email\"><input type=\"email\" name=\"l_email\" value=\"\" size=\"40\" class=\"wpcf7-form-control wpcf7-text wpcf7-email wpcf7-validates-as-required wpcf7-validates-as-email\" aria-required=\"true\" aria-invalid=\"false\" \/><\/span> <\/label>\n<label>Numero de Celular  <span class=\"wpcf7-form-control-wrap l_celular\"><input type=\"tel\" name=\"l_celular\" value=\"\" size=\"40\" maxlength=\"10\" minlength=\"10\" class=\"wpcf7-form-control wpcf7-text wpcf7-tel wpcf7-validates-as-required wpcf7-validates-as-tel\" aria-required=\"true\" aria-invalid=\"false\" \/><\/span><\/label>\n\n<span class=\"wpcf7-form-control-wrap acceptance-657\"><span class=\"wpcf7-form-control wpcf7-acceptance\"><span class=\"wpcf7-list-item\"><label><input type=\"checkbox\" name=\"acceptance-657\" value=\"1\" aria-invalid=\"false\" class=\"acept\" \/><span class=\"wpcf7-list-item-label\">AVISO LEGAL: El presente mensaje electr\u00f3nico junto con sus anexos puede contener informaci\u00f3n confidencial o legalmente protegida y es para uso exclusivo de su destinatario. Est\u00e1 prohibida la retenci\u00f3n, grabaci\u00f3n, utilizaci\u00f3n, aprovechamiento o divulgaci\u00f3n con cualquier prop\u00f3sito. Si ha recibido este mensaje por error, por favor destruya su contenido y avise a su remitente. En virtud de lo establecido por la disposici\u00f3n de Protecci\u00f3n de Datos Personales usted tiene derecho a solicitar al emisor de este mensaje la rectificaci\u00f3n, actualizaci\u00f3n, inclusi\u00f3n o supresi\u00f3n de los datos personales incluidos en su base de contactos, listas o cadenas de mensajes en los cuales usted se encuentre. POR FAVOR ESCRIBA SI EN ESTA RESPUESTA PARA TERMINAR EL FORMULARIO Escriba su respuesta *<\/span><\/label><\/span><\/span><\/span>\n<input type=\"submit\" value=\"Enviar\" class=\"wpcf7-form-control has-spinner wpcf7-submit\" \/><input type='hidden' class='wpcf7-pum' value='{\"closepopup\":false,\"closedelay\":0,\"openpopup\":false,\"openpopup_id\":0}' \/><div class=\"wpcf7-response-output\" aria-hidden=\"true\"><\/div><\/form><\/div><\/div>[\/vc_column_inner][vc_column_inner][\/vc_column_inner][\/vc_row_inner][\/vc_column][vc_column][\/vc_column][\/vc_row]<\/p>\n","protected":false},"excerpt":{"rendered":"<p>[vc_section][vc_row][vc_column css=\u00bb.vc_custom_1649796975175{padding-top: 50px !important;}\u00bb][vc_single_image image=\u00bb28&#8243; img_size=\u00bb200&#215;87&#8243;][\/vc_column][\/vc_row][\/vc_section][vc_row bg_position=\u00bbright bottom\u00bb css=\u00bb.vc_custom_1649796879592{padding-top: 0px !important;padding-bottom: 180px !important;background-position: 0 0&#8230;<\/p>\n","protected":false},"author":1,"featured_media":0,"parent":0,"menu_order":0,"comment_status":"closed","ping_status":"closed","template":"","meta":{"footnotes":""},"class_list":["post-324","page","type-page","status-publish","hentry"],"_links":{"self":[{"href":"https:\/\/www.elsembrador.com.co\/registro\/wp-json\/wp\/v2\/pages\/324","targetHints":{"allow":["GET"]}}],"collection":[{"href":"https:\/\/www.elsembrador.com.co\/registro\/wp-json\/wp\/v2\/pages"}],"about":[{"href":"https:\/\/www.elsembrador.com.co\/registro\/wp-json\/wp\/v2\/types\/page"}],"author":[{"embeddable":true,"href":"https:\/\/www.elsembrador.com.co\/registro\/wp-json\/wp\/v2\/users\/1"}],"replies":[{"embeddable":true,"href":"https:\/\/www.elsembrador.com.co\/registro\/wp-json\/wp\/v2\/comments?post=324"}],"version-history":[{"count":5,"href":"https:\/\/www.elsembrador.com.co\/registro\/wp-json\/wp\/v2\/pages\/324\/revisions"}],"predecessor-version":[{"id":330,"href":"https:\/\/www.elsembrador.com.co\/registro\/wp-json\/wp\/v2\/pages\/324\/revisions\/330"}],"wp:attachment":[{"href":"https:\/\/www.elsembrador.com.co\/registro\/wp-json\/wp\/v2\/media?parent=324"}],"curies":[{"name":"wp","href":"https:\/\/api.w.org\/{rel}","templated":true}]}}